{"id":1882,"date":"2025-11-03T17:12:53","date_gmt":"2025-11-03T16:12:53","guid":{"rendered":"https:\/\/jonathancadoux.fr\/?post_type=product&#038;p=1882"},"modified":"2025-11-03T17:14:53","modified_gmt":"2025-11-03T16:14:53","slug":"sur-la-rive-lespoir-tattend","status":"publish","type":"product","link":"https:\/\/jonathancadoux.fr\/?product=sur-la-rive-lespoir-tattend","title":{"rendered":"Sur la rive\u2026 L&rsquo;espoir t&rsquo;attend"},"content":{"rendered":"<p>Parfois, les destins se croisent et s\u2019entrechoquent jusqu\u2019\u00e0 en devenir indissociables. Quelle est cette force invisible qui nous unit les uns aux autres ? Alex, brillant avocat en devenir, Zo\u00e9, une adolescente atteinte d\u2019une maladie incurable, et Manu, un sans domicile fixe, prisonnier sur la rive de ses regrets, devront puiser aux tr\u00e9fonds de leur humanit\u00e9 pour comprendre le v\u00e9ritable sens du don de soi.<\/p>\n","protected":false},"excerpt":{"rendered":"<p>Parfois, les destins se croisent et s\u2019entrechoquent jusqu\u2019\u00e0 en devenir indissociables. Quelle est cette force invisible qui nous unit les uns aux autres ? Alex, brillant avocat en devenir, Zo\u00e9, une adolescente atteinte d\u2019une maladie incurable, et Manu, un sans domicile fixe, prisonnier sur la rive de ses regrets, devront puiser aux tr\u00e9fonds de leur &hellip;<\/p>\n<p class=\"read-more\"> <a class=\"\" href=\"https:\/\/jonathancadoux.fr\/?product=sur-la-rive-lespoir-tattend\"> <span class=\"screen-reader-text\">Sur la rive\u2026 L&rsquo;espoir t&rsquo;attend<\/span> Lire la suite\u00a0\u00bb<\/a><\/p>\n","protected":false},"featured_media":1883,"template":"","meta":{"site-sidebar-layout":"default","site-content-layout":"default","ast-global-header-display":"","ast-banner-title-visibility":"","ast-main-header-display":"","ast-hfb-above-header-display":"","ast-hfb-below-header-display":"","ast-hfb-mobile-header-display":"","site-post-title":"","ast-breadcrumbs-content":"","ast-featured-img":"","footer-sml-layout":"","theme-transparent-header-meta":"default","adv-header-id-meta":"","stick-header-meta":"default","header-above-stick-meta":"","header-main-stick-meta":"","header-below-stick-meta":""},"product_brand":[],"product_cat":[24],"product_tag":[],"class_list":{"0":"post-1882","1":"product","2":"type-product","3":"status-publish","4":"has-post-thumbnail","6":"product_cat-livre","7":"desktop-align-left","8":"tablet-align-left","9":"mobile-align-left","10":"ast-product-gallery-layout-horizontal-slider","11":"ast-product-gallery-with-no-image","12":"ast-product-tabs-layout-horizontal","13":"ast-qv-on-image","15":"first","16":"instock","17":"shipping-taxable","18":"purchasable","19":"product-type-simple"},"yoast_head":"<!-- This site is optimized with the Yoast SEO plugin v24.5 - https:\/\/yoast.com\/wordpress\/plugins\/seo\/ -->\n<title>Sur la rive\u2026 L&#039;espoir t&#039;attend - Jonathan Cadoux - Auteur Compositeur Interpr\u00e8te<\/title>\n<meta name=\"robots\" content=\"index, follow, max-snippet:-1, max-image-preview:large, max-video-preview:-1\" \/>\n<link rel=\"canonical\" href=\"https:\/\/jonathancadoux.fr\/?product=sur-la-rive-lespoir-tattend\" \/>\n<meta property=\"og:locale\" content=\"fr_FR\" \/>\n<meta property=\"og:type\" content=\"article\" \/>\n<meta property=\"og:title\" content=\"Sur la rive\u2026 L&#039;espoir t&#039;attend - Jonathan Cadoux - Auteur Compositeur Interpr\u00e8te\" \/>\n<meta property=\"og:description\" content=\"Parfois, les destins se croisent et s\u2019entrechoquent jusqu\u2019\u00e0 en devenir indissociables. Quelle est cette force invisible qui nous unit les uns aux autres ? Alex, brillant avocat en devenir, Zo\u00e9, une adolescente atteinte d\u2019une maladie incurable, et Manu, un sans domicile fixe, prisonnier sur la rive de ses regrets, devront puiser aux tr\u00e9fonds de leur &hellip; Sur la rive\u2026 L&rsquo;espoir t&rsquo;attend Lire la suite\u00a0\u00bb\" \/>\n<meta property=\"og:url\" content=\"https:\/\/jonathancadoux.fr\/?product=sur-la-rive-lespoir-tattend\" \/>\n<meta property=\"og:site_name\" content=\"Jonathan Cadoux - Auteur Compositeur Interpr\u00e8te\" \/>\n<meta property=\"article:modified_time\" content=\"2025-11-03T16:14:53+00:00\" \/>\n<meta property=\"og:image\" content=\"http:\/\/jonathancadoux.fr\/wp-content\/uploads\/2025\/11\/WhatsApp-Image-2025-11-02-at-13.59.20.jpeg\" \/>\n\t<meta property=\"og:image:width\" content=\"1002\" \/>\n\t<meta property=\"og:image:height\" content=\"1600\" \/>\n\t<meta property=\"og:image:type\" content=\"image\/jpeg\" \/>\n<meta name=\"twitter:card\" content=\"summary_large_image\" \/>\n<meta name=\"twitter:label1\" content=\"Dur\u00e9e de lecture estim\u00e9e\" \/>\n\t<meta name=\"twitter:data1\" content=\"1 minute\" \/>\n<script type=\"application\/ld+json\" class=\"yoast-schema-graph\">{\"@context\":\"https:\/\/schema.org\",\"@graph\":[{\"@type\":\"WebPage\",\"@id\":\"https:\/\/jonathancadoux.fr\/?product=sur-la-rive-lespoir-tattend\",\"url\":\"https:\/\/jonathancadoux.fr\/?product=sur-la-rive-lespoir-tattend\",\"name\":\"Sur la rive\u2026 L'espoir t'attend - Jonathan Cadoux - Auteur Compositeur Interpr\u00e8te\",\"isPartOf\":{\"@id\":\"https:\/\/jonathancadoux.fr\/#website\"},\"primaryImageOfPage\":{\"@id\":\"https:\/\/jonathancadoux.fr\/?product=sur-la-rive-lespoir-tattend#primaryimage\"},\"image\":{\"@id\":\"https:\/\/jonathancadoux.fr\/?product=sur-la-rive-lespoir-tattend#primaryimage\"},\"thumbnailUrl\":\"https:\/\/jonathancadoux.fr\/wp-content\/uploads\/2025\/11\/WhatsApp-Image-2025-11-02-at-13.59.20.jpeg\",\"datePublished\":\"2025-11-03T16:12:53+00:00\",\"dateModified\":\"2025-11-03T16:14:53+00:00\",\"breadcrumb\":{\"@id\":\"https:\/\/jonathancadoux.fr\/?product=sur-la-rive-lespoir-tattend#breadcrumb\"},\"inLanguage\":\"fr-FR\",\"potentialAction\":[{\"@type\":\"ReadAction\",\"target\":[\"https:\/\/jonathancadoux.fr\/?product=sur-la-rive-lespoir-tattend\"]}]},{\"@type\":\"ImageObject\",\"inLanguage\":\"fr-FR\",\"@id\":\"https:\/\/jonathancadoux.fr\/?product=sur-la-rive-lespoir-tattend#primaryimage\",\"url\":\"https:\/\/jonathancadoux.fr\/wp-content\/uploads\/2025\/11\/WhatsApp-Image-2025-11-02-at-13.59.20.jpeg\",\"contentUrl\":\"https:\/\/jonathancadoux.fr\/wp-content\/uploads\/2025\/11\/WhatsApp-Image-2025-11-02-at-13.59.20.jpeg\",\"width\":1002,\"height\":1600},{\"@type\":\"BreadcrumbList\",\"@id\":\"https:\/\/jonathancadoux.fr\/?product=sur-la-rive-lespoir-tattend#breadcrumb\",\"itemListElement\":[{\"@type\":\"ListItem\",\"position\":1,\"name\":\"Accueil\",\"item\":\"https:\/\/jonathancadoux.fr\/\"},{\"@type\":\"ListItem\",\"position\":2,\"name\":\"Shop\",\"item\":\"http:\/\/jonathancadoux.fr\/?page_id=1141\"},{\"@type\":\"ListItem\",\"position\":3,\"name\":\"Sur la rive\u2026 L&rsquo;espoir t&rsquo;attend\"}]},{\"@type\":\"WebSite\",\"@id\":\"https:\/\/jonathancadoux.fr\/#website\",\"url\":\"https:\/\/jonathancadoux.fr\/\",\"name\":\"Jonathan Cadoux - Auteur Compositeur Interpr\u00e8te\",\"description\":\"\",\"publisher\":{\"@id\":\"https:\/\/jonathancadoux.fr\/#\/schema\/person\/26c1dde99ed7a890927f6c1677c0e7cb\"},\"potentialAction\":[{\"@type\":\"SearchAction\",\"target\":{\"@type\":\"EntryPoint\",\"urlTemplate\":\"https:\/\/jonathancadoux.fr\/?s={search_term_string}\"},\"query-input\":{\"@type\":\"PropertyValueSpecification\",\"valueRequired\":true,\"valueName\":\"search_term_string\"}}],\"inLanguage\":\"fr-FR\"},{\"@type\":[\"Person\",\"Organization\"],\"@id\":\"https:\/\/jonathancadoux.fr\/#\/schema\/person\/26c1dde99ed7a890927f6c1677c0e7cb\",\"name\":\"Jonathan Cadoux\",\"image\":{\"@type\":\"ImageObject\",\"inLanguage\":\"fr-FR\",\"@id\":\"https:\/\/jonathancadoux.fr\/#\/schema\/person\/image\/\",\"url\":\"https:\/\/jonathancadoux.fr\/wp-content\/uploads\/2023\/01\/cropped-Capture-decran-2023-01-26-a-22.32.57.png\",\"contentUrl\":\"https:\/\/jonathancadoux.fr\/wp-content\/uploads\/2023\/01\/cropped-Capture-decran-2023-01-26-a-22.32.57.png\",\"width\":516,\"height\":172,\"caption\":\"Jonathan Cadoux\"},\"logo\":{\"@id\":\"https:\/\/jonathancadoux.fr\/#\/schema\/person\/image\/\"}}]}<\/script>\n<!-- \/ Yoast SEO plugin. -->","yoast_head_json":{"title":"Sur la rive\u2026 L'espoir t'attend - Jonathan Cadoux - Auteur Compositeur Interpr\u00e8te","robots":{"index":"index","follow":"follow","max-snippet":"max-snippet:-1","max-image-preview":"max-image-preview:large","max-video-preview":"max-video-preview:-1"},"canonical":"https:\/\/jonathancadoux.fr\/?product=sur-la-rive-lespoir-tattend","og_locale":"fr_FR","og_type":"article","og_title":"Sur la rive\u2026 L'espoir t'attend - Jonathan Cadoux - Auteur Compositeur Interpr\u00e8te","og_description":"Parfois, les destins se croisent et s\u2019entrechoquent jusqu\u2019\u00e0 en devenir indissociables. Quelle est cette force invisible qui nous unit les uns aux autres ? Alex, brillant avocat en devenir, Zo\u00e9, une adolescente atteinte d\u2019une maladie incurable, et Manu, un sans domicile fixe, prisonnier sur la rive de ses regrets, devront puiser aux tr\u00e9fonds de leur &hellip; Sur la rive\u2026 L&rsquo;espoir t&rsquo;attend Lire la suite\u00a0\u00bb","og_url":"https:\/\/jonathancadoux.fr\/?product=sur-la-rive-lespoir-tattend","og_site_name":"Jonathan Cadoux - Auteur Compositeur Interpr\u00e8te","article_modified_time":"2025-11-03T16:14:53+00:00","og_image":[{"width":1002,"height":1600,"url":"http:\/\/jonathancadoux.fr\/wp-content\/uploads\/2025\/11\/WhatsApp-Image-2025-11-02-at-13.59.20.jpeg","type":"image\/jpeg"}],"twitter_card":"summary_large_image","twitter_misc":{"Dur\u00e9e de lecture estim\u00e9e":"1 minute"},"schema":{"@context":"https:\/\/schema.org","@graph":[{"@type":"WebPage","@id":"https:\/\/jonathancadoux.fr\/?product=sur-la-rive-lespoir-tattend","url":"https:\/\/jonathancadoux.fr\/?product=sur-la-rive-lespoir-tattend","name":"Sur la rive\u2026 L'espoir t'attend - Jonathan Cadoux - Auteur Compositeur Interpr\u00e8te","isPartOf":{"@id":"https:\/\/jonathancadoux.fr\/#website"},"primaryImageOfPage":{"@id":"https:\/\/jonathancadoux.fr\/?product=sur-la-rive-lespoir-tattend#primaryimage"},"image":{"@id":"https:\/\/jonathancadoux.fr\/?product=sur-la-rive-lespoir-tattend#primaryimage"},"thumbnailUrl":"https:\/\/jonathancadoux.fr\/wp-content\/uploads\/2025\/11\/WhatsApp-Image-2025-11-02-at-13.59.20.jpeg","datePublished":"2025-11-03T16:12:53+00:00","dateModified":"2025-11-03T16:14:53+00:00","breadcrumb":{"@id":"https:\/\/jonathancadoux.fr\/?product=sur-la-rive-lespoir-tattend#breadcrumb"},"inLanguage":"fr-FR","potentialAction":[{"@type":"ReadAction","target":["https:\/\/jonathancadoux.fr\/?product=sur-la-rive-lespoir-tattend"]}]},{"@type":"ImageObject","inLanguage":"fr-FR","@id":"https:\/\/jonathancadoux.fr\/?product=sur-la-rive-lespoir-tattend#primaryimage","url":"https:\/\/jonathancadoux.fr\/wp-content\/uploads\/2025\/11\/WhatsApp-Image-2025-11-02-at-13.59.20.jpeg","contentUrl":"https:\/\/jonathancadoux.fr\/wp-content\/uploads\/2025\/11\/WhatsApp-Image-2025-11-02-at-13.59.20.jpeg","width":1002,"height":1600},{"@type":"BreadcrumbList","@id":"https:\/\/jonathancadoux.fr\/?product=sur-la-rive-lespoir-tattend#breadcrumb","itemListElement":[{"@type":"ListItem","position":1,"name":"Accueil","item":"https:\/\/jonathancadoux.fr\/"},{"@type":"ListItem","position":2,"name":"Shop","item":"http:\/\/jonathancadoux.fr\/?page_id=1141"},{"@type":"ListItem","position":3,"name":"Sur la rive\u2026 L&rsquo;espoir t&rsquo;attend"}]},{"@type":"WebSite","@id":"https:\/\/jonathancadoux.fr\/#website","url":"https:\/\/jonathancadoux.fr\/","name":"Jonathan Cadoux - Auteur Compositeur Interpr\u00e8te","description":"","publisher":{"@id":"https:\/\/jonathancadoux.fr\/#\/schema\/person\/26c1dde99ed7a890927f6c1677c0e7cb"},"potentialAction":[{"@type":"SearchAction","target":{"@type":"EntryPoint","urlTemplate":"https:\/\/jonathancadoux.fr\/?s={search_term_string}"},"query-input":{"@type":"PropertyValueSpecification","valueRequired":true,"valueName":"search_term_string"}}],"inLanguage":"fr-FR"},{"@type":["Person","Organization"],"@id":"https:\/\/jonathancadoux.fr\/#\/schema\/person\/26c1dde99ed7a890927f6c1677c0e7cb","name":"Jonathan Cadoux","image":{"@type":"ImageObject","inLanguage":"fr-FR","@id":"https:\/\/jonathancadoux.fr\/#\/schema\/person\/image\/","url":"https:\/\/jonathancadoux.fr\/wp-content\/uploads\/2023\/01\/cropped-Capture-decran-2023-01-26-a-22.32.57.png","contentUrl":"https:\/\/jonathancadoux.fr\/wp-content\/uploads\/2023\/01\/cropped-Capture-decran-2023-01-26-a-22.32.57.png","width":516,"height":172,"caption":"Jonathan Cadoux"},"logo":{"@id":"https:\/\/jonathancadoux.fr\/#\/schema\/person\/image\/"}}]}},"jetpack_sharing_enabled":true,"_links":{"self":[{"href":"https:\/\/jonathancadoux.fr\/index.php?rest_route=\/wp\/v2\/product\/1882","targetHints":{"allow":["GET"]}}],"collection":[{"href":"https:\/\/jonathancadoux.fr\/index.php?rest_route=\/wp\/v2\/product"}],"about":[{"href":"https:\/\/jonathancadoux.fr\/index.php?rest_route=\/wp\/v2\/types\/product"}],"wp:featuredmedia":[{"embeddable":true,"href":"https:\/\/jonathancadoux.fr\/index.php?rest_route=\/wp\/v2\/media\/1883"}],"wp:attachment":[{"href":"https:\/\/jonathancadoux.fr\/index.php?rest_route=%2Fwp%2Fv2%2Fmedia&parent=1882"}],"wp:term":[{"taxonomy":"product_brand","embeddable":true,"href":"https:\/\/jonathancadoux.fr\/index.php?rest_route=%2Fwp%2Fv2%2Fproduct_brand&post=1882"},{"taxonomy":"product_cat","embeddable":true,"href":"https:\/\/jonathancadoux.fr\/index.php?rest_route=%2Fwp%2Fv2%2Fproduct_cat&post=1882"},{"taxonomy":"product_tag","embeddable":true,"href":"https:\/\/jonathancadoux.fr\/index.php?rest_route=%2Fwp%2Fv2%2Fproduct_tag&post=1882"}],"curies":[{"name":"wp","href":"https:\/\/api.w.org\/{rel}","templated":true}]}}