{"id":1294,"date":"2023-02-05T19:44:40","date_gmt":"2023-02-05T18:44:40","guid":{"rendered":"http:\/\/localhost:8080\/jocadoux\/?post_type=product&#038;p=1294"},"modified":"2023-02-05T20:14:49","modified_gmt":"2023-02-05T19:14:49","slug":"manifeste-etoile-edition-limitee-digipack-livret","status":"publish","type":"product","link":"https:\/\/jonathancadoux.fr\/?product=manifeste-etoile-edition-limitee-digipack-livret","title":{"rendered":"Manifeste \u00c9toil\u00e9 &#8211; Edition limit\u00e9e"},"content":{"rendered":"<p>Plaidoyer \u00e0 la vie, intimiste et lumineux \u00ab\u00a0Manifeste \u00c9toil\u00e9\u00a0\u00bb le deuxi\u00e8me album studio de Jonathan Cadoux, prolongement naturel de \u00ab\u00a0Un Jour Sur Terre\u00a0\u00bb porte\u00a0<span id=\"description_suite_57762\" class=\"description_suite\">l&#8217;emprunte d&rsquo;une \u00e9volution personnelle et artistique importante chez son auteur.<\/p>\n<p>Laissez-vous entra\u00eener par ses 13 titres aux m\u00e9lodies \u00e9clectiques, tant\u00f4t reggae (Flower), Pop\/Rock (Salle de R\u00e9veil, En Pointill\u00e9, Yallah), ou rap ( Rythm&rsquo;N Poetry, Harlem, Freedom Riders), par l&rsquo;univers po\u00e9tique, le flow et la plume aff\u00fbt\u00e9s d&rsquo;un homme engag\u00e9 sur les chemins de la r\u00e9silience ; toujours en qu\u00eate de paix int\u00e9rieur et de spiritualit\u00e9.<\/p>\n<p>Le r\u00eave na\u00eet d&rsquo;une fleur que l&rsquo;espoir a pollinis\u00e9, lorsque l&rsquo;on a compris cela, il suffit d&rsquo;aller le cueillir.<\/span><\/p>\n","protected":false},"excerpt":{"rendered":"<p>Il suffit d&rsquo;\u00e9carter les bras, de tendre l&rsquo;oreille et de se laisser porter&#8230;<\/p>\n","protected":false},"featured_media":1259,"template":"","meta":{"site-sidebar-layout":"default","site-content-layout":"default","ast-global-header-display":"","ast-banner-title-visibility":"","ast-main-header-display":"","ast-hfb-above-header-display":"","ast-hfb-below-header-display":"","ast-hfb-mobile-header-display":"","site-post-title":"","ast-breadcrumbs-content":"","ast-featured-img":"","footer-sml-layout":"","theme-transparent-header-meta":"default","adv-header-id-meta":"","stick-header-meta":"default","header-above-stick-meta":"","header-main-stick-meta":"","header-below-stick-meta":""},"product_brand":[],"product_cat":[26],"product_tag":[],"class_list":{"0":"post-1294","1":"product","2":"type-product","3":"status-publish","4":"has-post-thumbnail","6":"product_cat-album","7":"desktop-align-left","8":"tablet-align-left","9":"mobile-align-left","10":"ast-product-gallery-layout-horizontal-slider","11":"ast-product-gallery-with-no-image","12":"ast-product-tabs-layout-horizontal","13":"ast-qv-on-image","15":"first","16":"instock","17":"shipping-taxable","18":"purchasable","19":"product-type-simple"},"yoast_head":"<!-- This site is optimized with the Yoast SEO plugin v24.5 - https:\/\/yoast.com\/wordpress\/plugins\/seo\/ -->\n<title>Manifeste \u00c9toil\u00e9 - Edition limit\u00e9e - Jonathan Cadoux - Auteur Compositeur Interpr\u00e8te<\/title>\n<meta name=\"robots\" content=\"index, follow, max-snippet:-1, max-image-preview:large, max-video-preview:-1\" \/>\n<link rel=\"canonical\" href=\"http:\/\/jonathancadoux.fr\/?product=manifeste-etoile-edition-limitee-digipack-livret\" \/>\n<meta property=\"og:locale\" content=\"fr_FR\" \/>\n<meta property=\"og:type\" content=\"article\" \/>\n<meta property=\"og:title\" content=\"Manifeste \u00c9toil\u00e9 - Edition limit\u00e9e - Jonathan Cadoux - Auteur Compositeur Interpr\u00e8te\" \/>\n<meta property=\"og:description\" content=\"Il suffit d&#039;\u00e9carter les bras, de tendre l&#039;oreille et de se laisser porter...\" \/>\n<meta property=\"og:url\" content=\"http:\/\/jonathancadoux.fr\/?product=manifeste-etoile-edition-limitee-digipack-livret\" \/>\n<meta property=\"og:site_name\" content=\"Jonathan Cadoux - Auteur Compositeur Interpr\u00e8te\" \/>\n<meta property=\"article:modified_time\" content=\"2023-02-05T19:14:49+00:00\" \/>\n<meta property=\"og:image\" content=\"http:\/\/jonathancadoux.fr\/wp-content\/uploads\/2023\/01\/photo_3.jpg\" \/>\n\t<meta property=\"og:image:width\" content=\"1000\" \/>\n\t<meta property=\"og:image:height\" content=\"1000\" \/>\n\t<meta property=\"og:image:type\" content=\"image\/jpeg\" \/>\n<meta name=\"twitter:card\" content=\"summary_large_image\" \/>\n<meta name=\"twitter:label1\" content=\"Dur\u00e9e de lecture estim\u00e9e\" \/>\n\t<meta name=\"twitter:data1\" content=\"1 minute\" \/>\n<script type=\"application\/ld+json\" class=\"yoast-schema-graph\">{\"@context\":\"https:\/\/schema.org\",\"@graph\":[{\"@type\":\"WebPage\",\"@id\":\"http:\/\/jonathancadoux.fr\/?product=manifeste-etoile-edition-limitee-digipack-livret\",\"url\":\"http:\/\/jonathancadoux.fr\/?product=manifeste-etoile-edition-limitee-digipack-livret\",\"name\":\"Manifeste \u00c9toil\u00e9 - Edition limit\u00e9e - Jonathan Cadoux - Auteur Compositeur Interpr\u00e8te\",\"isPartOf\":{\"@id\":\"https:\/\/jonathancadoux.fr\/#website\"},\"primaryImageOfPage\":{\"@id\":\"http:\/\/jonathancadoux.fr\/?product=manifeste-etoile-edition-limitee-digipack-livret#primaryimage\"},\"image\":{\"@id\":\"http:\/\/jonathancadoux.fr\/?product=manifeste-etoile-edition-limitee-digipack-livret#primaryimage\"},\"thumbnailUrl\":\"https:\/\/jonathancadoux.fr\/wp-content\/uploads\/2023\/01\/photo_3.jpg\",\"datePublished\":\"2023-02-05T18:44:40+00:00\",\"dateModified\":\"2023-02-05T19:14:49+00:00\",\"breadcrumb\":{\"@id\":\"http:\/\/jonathancadoux.fr\/?product=manifeste-etoile-edition-limitee-digipack-livret#breadcrumb\"},\"inLanguage\":\"fr-FR\",\"potentialAction\":[{\"@type\":\"ReadAction\",\"target\":[\"http:\/\/jonathancadoux.fr\/?product=manifeste-etoile-edition-limitee-digipack-livret\"]}]},{\"@type\":\"ImageObject\",\"inLanguage\":\"fr-FR\",\"@id\":\"http:\/\/jonathancadoux.fr\/?product=manifeste-etoile-edition-limitee-digipack-livret#primaryimage\",\"url\":\"https:\/\/jonathancadoux.fr\/wp-content\/uploads\/2023\/01\/photo_3.jpg\",\"contentUrl\":\"https:\/\/jonathancadoux.fr\/wp-content\/uploads\/2023\/01\/photo_3.jpg\",\"width\":1000,\"height\":1000,\"caption\":\"Manifeste Etoil\u00e9 2020\"},{\"@type\":\"BreadcrumbList\",\"@id\":\"http:\/\/jonathancadoux.fr\/?product=manifeste-etoile-edition-limitee-digipack-livret#breadcrumb\",\"itemListElement\":[{\"@type\":\"ListItem\",\"position\":1,\"name\":\"Accueil\",\"item\":\"https:\/\/jonathancadoux.fr\/\"},{\"@type\":\"ListItem\",\"position\":2,\"name\":\"Shop\",\"item\":\"http:\/\/jonathancadoux.fr\/?page_id=1141\"},{\"@type\":\"ListItem\",\"position\":3,\"name\":\"Manifeste \u00c9toil\u00e9 &#8211; Edition limit\u00e9e\"}]},{\"@type\":\"WebSite\",\"@id\":\"https:\/\/jonathancadoux.fr\/#website\",\"url\":\"https:\/\/jonathancadoux.fr\/\",\"name\":\"Jonathan Cadoux - Auteur Compositeur Interpr\u00e8te\",\"description\":\"\",\"publisher\":{\"@id\":\"https:\/\/jonathancadoux.fr\/#\/schema\/person\/26c1dde99ed7a890927f6c1677c0e7cb\"},\"potentialAction\":[{\"@type\":\"SearchAction\",\"target\":{\"@type\":\"EntryPoint\",\"urlTemplate\":\"https:\/\/jonathancadoux.fr\/?s={search_term_string}\"},\"query-input\":{\"@type\":\"PropertyValueSpecification\",\"valueRequired\":true,\"valueName\":\"search_term_string\"}}],\"inLanguage\":\"fr-FR\"},{\"@type\":[\"Person\",\"Organization\"],\"@id\":\"https:\/\/jonathancadoux.fr\/#\/schema\/person\/26c1dde99ed7a890927f6c1677c0e7cb\",\"name\":\"Jonathan Cadoux\",\"image\":{\"@type\":\"ImageObject\",\"inLanguage\":\"fr-FR\",\"@id\":\"https:\/\/jonathancadoux.fr\/#\/schema\/person\/image\/\",\"url\":\"https:\/\/jonathancadoux.fr\/wp-content\/uploads\/2023\/01\/cropped-Capture-decran-2023-01-26-a-22.32.57.png\",\"contentUrl\":\"https:\/\/jonathancadoux.fr\/wp-content\/uploads\/2023\/01\/cropped-Capture-decran-2023-01-26-a-22.32.57.png\",\"width\":516,\"height\":172,\"caption\":\"Jonathan Cadoux\"},\"logo\":{\"@id\":\"https:\/\/jonathancadoux.fr\/#\/schema\/person\/image\/\"}}]}<\/script>\n<!-- \/ Yoast SEO plugin. -->","yoast_head_json":{"title":"Manifeste \u00c9toil\u00e9 - Edition limit\u00e9e - Jonathan Cadoux - Auteur Compositeur Interpr\u00e8te","robots":{"index":"index","follow":"follow","max-snippet":"max-snippet:-1","max-image-preview":"max-image-preview:large","max-video-preview":"max-video-preview:-1"},"canonical":"http:\/\/jonathancadoux.fr\/?product=manifeste-etoile-edition-limitee-digipack-livret","og_locale":"fr_FR","og_type":"article","og_title":"Manifeste \u00c9toil\u00e9 - Edition limit\u00e9e - Jonathan Cadoux - Auteur Compositeur Interpr\u00e8te","og_description":"Il suffit d'\u00e9carter les bras, de tendre l'oreille et de se laisser porter...","og_url":"http:\/\/jonathancadoux.fr\/?product=manifeste-etoile-edition-limitee-digipack-livret","og_site_name":"Jonathan Cadoux - Auteur Compositeur Interpr\u00e8te","article_modified_time":"2023-02-05T19:14:49+00:00","og_image":[{"width":1000,"height":1000,"url":"http:\/\/jonathancadoux.fr\/wp-content\/uploads\/2023\/01\/photo_3.jpg","type":"image\/jpeg"}],"twitter_card":"summary_large_image","twitter_misc":{"Dur\u00e9e de lecture estim\u00e9e":"1 minute"},"schema":{"@context":"https:\/\/schema.org","@graph":[{"@type":"WebPage","@id":"http:\/\/jonathancadoux.fr\/?product=manifeste-etoile-edition-limitee-digipack-livret","url":"http:\/\/jonathancadoux.fr\/?product=manifeste-etoile-edition-limitee-digipack-livret","name":"Manifeste \u00c9toil\u00e9 - Edition limit\u00e9e - Jonathan Cadoux - Auteur Compositeur Interpr\u00e8te","isPartOf":{"@id":"https:\/\/jonathancadoux.fr\/#website"},"primaryImageOfPage":{"@id":"http:\/\/jonathancadoux.fr\/?product=manifeste-etoile-edition-limitee-digipack-livret#primaryimage"},"image":{"@id":"http:\/\/jonathancadoux.fr\/?product=manifeste-etoile-edition-limitee-digipack-livret#primaryimage"},"thumbnailUrl":"https:\/\/jonathancadoux.fr\/wp-content\/uploads\/2023\/01\/photo_3.jpg","datePublished":"2023-02-05T18:44:40+00:00","dateModified":"2023-02-05T19:14:49+00:00","breadcrumb":{"@id":"http:\/\/jonathancadoux.fr\/?product=manifeste-etoile-edition-limitee-digipack-livret#breadcrumb"},"inLanguage":"fr-FR","potentialAction":[{"@type":"ReadAction","target":["http:\/\/jonathancadoux.fr\/?product=manifeste-etoile-edition-limitee-digipack-livret"]}]},{"@type":"ImageObject","inLanguage":"fr-FR","@id":"http:\/\/jonathancadoux.fr\/?product=manifeste-etoile-edition-limitee-digipack-livret#primaryimage","url":"https:\/\/jonathancadoux.fr\/wp-content\/uploads\/2023\/01\/photo_3.jpg","contentUrl":"https:\/\/jonathancadoux.fr\/wp-content\/uploads\/2023\/01\/photo_3.jpg","width":1000,"height":1000,"caption":"Manifeste Etoil\u00e9 2020"},{"@type":"BreadcrumbList","@id":"http:\/\/jonathancadoux.fr\/?product=manifeste-etoile-edition-limitee-digipack-livret#breadcrumb","itemListElement":[{"@type":"ListItem","position":1,"name":"Accueil","item":"https:\/\/jonathancadoux.fr\/"},{"@type":"ListItem","position":2,"name":"Shop","item":"http:\/\/jonathancadoux.fr\/?page_id=1141"},{"@type":"ListItem","position":3,"name":"Manifeste \u00c9toil\u00e9 &#8211; Edition limit\u00e9e"}]},{"@type":"WebSite","@id":"https:\/\/jonathancadoux.fr\/#website","url":"https:\/\/jonathancadoux.fr\/","name":"Jonathan Cadoux - Auteur Compositeur Interpr\u00e8te","description":"","publisher":{"@id":"https:\/\/jonathancadoux.fr\/#\/schema\/person\/26c1dde99ed7a890927f6c1677c0e7cb"},"potentialAction":[{"@type":"SearchAction","target":{"@type":"EntryPoint","urlTemplate":"https:\/\/jonathancadoux.fr\/?s={search_term_string}"},"query-input":{"@type":"PropertyValueSpecification","valueRequired":true,"valueName":"search_term_string"}}],"inLanguage":"fr-FR"},{"@type":["Person","Organization"],"@id":"https:\/\/jonathancadoux.fr\/#\/schema\/person\/26c1dde99ed7a890927f6c1677c0e7cb","name":"Jonathan Cadoux","image":{"@type":"ImageObject","inLanguage":"fr-FR","@id":"https:\/\/jonathancadoux.fr\/#\/schema\/person\/image\/","url":"https:\/\/jonathancadoux.fr\/wp-content\/uploads\/2023\/01\/cropped-Capture-decran-2023-01-26-a-22.32.57.png","contentUrl":"https:\/\/jonathancadoux.fr\/wp-content\/uploads\/2023\/01\/cropped-Capture-decran-2023-01-26-a-22.32.57.png","width":516,"height":172,"caption":"Jonathan Cadoux"},"logo":{"@id":"https:\/\/jonathancadoux.fr\/#\/schema\/person\/image\/"}}]}},"jetpack_sharing_enabled":true,"_links":{"self":[{"href":"https:\/\/jonathancadoux.fr\/index.php?rest_route=\/wp\/v2\/product\/1294","targetHints":{"allow":["GET"]}}],"collection":[{"href":"https:\/\/jonathancadoux.fr\/index.php?rest_route=\/wp\/v2\/product"}],"about":[{"href":"https:\/\/jonathancadoux.fr\/index.php?rest_route=\/wp\/v2\/types\/product"}],"wp:featuredmedia":[{"embeddable":true,"href":"https:\/\/jonathancadoux.fr\/index.php?rest_route=\/wp\/v2\/media\/1259"}],"wp:attachment":[{"href":"https:\/\/jonathancadoux.fr\/index.php?rest_route=%2Fwp%2Fv2%2Fmedia&parent=1294"}],"wp:term":[{"taxonomy":"product_brand","embeddable":true,"href":"https:\/\/jonathancadoux.fr\/index.php?rest_route=%2Fwp%2Fv2%2Fproduct_brand&post=1294"},{"taxonomy":"product_cat","embeddable":true,"href":"https:\/\/jonathancadoux.fr\/index.php?rest_route=%2Fwp%2Fv2%2Fproduct_cat&post=1294"},{"taxonomy":"product_tag","embeddable":true,"href":"https:\/\/jonathancadoux.fr\/index.php?rest_route=%2Fwp%2Fv2%2Fproduct_tag&post=1294"}],"curies":[{"name":"wp","href":"https:\/\/api.w.org\/{rel}","templated":true}]}}