{"id":1292,"date":"2023-02-05T19:41:31","date_gmt":"2023-02-05T18:41:31","guid":{"rendered":"http:\/\/localhost:8080\/jocadoux\/?post_type=product&#038;p=1292"},"modified":"2023-02-05T19:44:56","modified_gmt":"2023-02-05T18:44:56","slug":"asukile-enfant-guerrier-de-la-pluie","status":"publish","type":"product","link":"https:\/\/jonathancadoux.fr\/?product=asukile-enfant-guerrier-de-la-pluie","title":{"rendered":"Asukile, Enfant Guerrier de la Pluie"},"content":{"rendered":"<p>Il est dix heures du matin lorsque, sur le palier de la Chapelle de la M\u00e9daille Miraculeuse \u00e0 Paris, le p\u00e8re Xavier s&rsquo;appr\u00eate \u00e0 faire une rencontre inattendue : un individu hors du commun semblait endormi sur le trottoir, un homme \u00e0 la peau\u00a0<span id=\"description_suite_50742\" class=\"description_suite\">\u00e9b\u00e8ne, v\u00eatu d&rsquo;une longue \u00e9toffe rouge.<br \/>\nCe n&rsquo;est que lorsque vous croyez \u00eatre perdu que, bien souvent, le Destin vous tend la main.<br \/>\nLucie, jeune journaliste, grand reporter, l&rsquo;ignore encore mais le SMS qu&rsquo;elle vient de recevoir de son ami Jules va bousculer le cours de son existence et l&#8217;emporter bien plus loin qu&rsquo;elle ne l&rsquo;avait imagin\u00e9. Alors qu&rsquo;elle se rend au 140 de la rue du Bac pour y recueillir le t\u00e9moignage de ce qui semble \u00eatre un guerrier Masa\u00ef, elle esp\u00e8re en secret chasser les d\u00e9mons qui la hantent depuis tant d\u2019ann\u00e9es et ainsi donner un nouveau sens \u00e0 sa vie.<br \/>\nEnsemble, ces \u00eatres que tout s\u00e9pare devront briser les pr\u00e9jug\u00e9s pour s&rsquo;unir et affronter leurs peurs.<br \/>\nParviendront-ils \u00e0 donner \u00e9cho au chant d&rsquo;espoir d&rsquo;une tribu l\u00e9gendaire et ainsi renouer avec la plus belle part de leur humanit\u00e9 ?<\/span><\/p>\n","protected":false},"excerpt":{"rendered":"<p>Il est dix heures du matin lorsque, sur le palier de la Chapelle de la M\u00e9daille Miraculeuse \u00e0 Paris, le p\u00e8re Xavier s&rsquo;appr\u00eate \u00e0 faire une rencontre inattendue : un individu hors du commun semblait endormi sur le trottoir, un homme \u00e0 la peau\u00a0<span id=\"description_suite_50742\" class=\"description_suite\">\u00e9b\u00e8ne, v\u00eatu d&rsquo;une longue \u00e9toffe rouge.<\/span><\/p>\n","protected":false},"featured_media":1293,"template":"","meta":{"site-sidebar-layout":"default","site-content-layout":"default","ast-global-header-display":"","ast-banner-title-visibility":"","ast-main-header-display":"","ast-hfb-above-header-display":"","ast-hfb-below-header-display":"","ast-hfb-mobile-header-display":"","site-post-title":"","ast-breadcrumbs-content":"","ast-featured-img":"","footer-sml-layout":"","theme-transparent-header-meta":"default","adv-header-id-meta":"","stick-header-meta":"default","header-above-stick-meta":"","header-main-stick-meta":"","header-below-stick-meta":""},"product_brand":[],"product_cat":[24],"product_tag":[],"class_list":{"0":"post-1292","1":"product","2":"type-product","3":"status-publish","4":"has-post-thumbnail","6":"product_cat-livre","7":"desktop-align-left","8":"tablet-align-left","9":"mobile-align-left","10":"ast-product-gallery-layout-horizontal-slider","11":"ast-product-gallery-with-no-image","12":"ast-product-tabs-layout-horizontal","13":"ast-qv-on-image","15":"first","16":"instock","17":"shipping-taxable","18":"purchasable","19":"product-type-simple"},"yoast_head":"<!-- This site is optimized with the Yoast SEO plugin v24.5 - https:\/\/yoast.com\/wordpress\/plugins\/seo\/ -->\n<title>Asukile, Enfant Guerrier de la Pluie - Jonathan Cadoux - Auteur Compositeur Interpr\u00e8te<\/title>\n<meta name=\"robots\" content=\"index, follow, max-snippet:-1, max-image-preview:large, max-video-preview:-1\" \/>\n<link rel=\"canonical\" href=\"http:\/\/jonathancadoux.fr\/?product=asukile-enfant-guerrier-de-la-pluie\" \/>\n<meta property=\"og:locale\" content=\"fr_FR\" \/>\n<meta property=\"og:type\" content=\"article\" \/>\n<meta property=\"og:title\" content=\"Asukile, Enfant Guerrier de la Pluie - Jonathan Cadoux - Auteur Compositeur Interpr\u00e8te\" \/>\n<meta property=\"og:description\" content=\"Il est dix heures du matin lorsque, sur le palier de la Chapelle de la M\u00e9daille Miraculeuse \u00e0 Paris, le p\u00e8re Xavier s&#039;appr\u00eate \u00e0 faire une rencontre inattendue : un individu hors du commun semblait endormi sur le trottoir, un homme \u00e0 la peau\u00a0\u00e9b\u00e8ne, v\u00eatu d&#039;une longue \u00e9toffe rouge.\" \/>\n<meta property=\"og:url\" content=\"http:\/\/jonathancadoux.fr\/?product=asukile-enfant-guerrier-de-la-pluie\" \/>\n<meta property=\"og:site_name\" content=\"Jonathan Cadoux - Auteur Compositeur Interpr\u00e8te\" \/>\n<meta property=\"article:modified_time\" content=\"2023-02-05T18:44:56+00:00\" \/>\n<meta property=\"og:image\" content=\"http:\/\/jonathancadoux.fr\/wp-content\/uploads\/2023\/02\/crop.img_5961c5be73d289d974e02e021b9f4bc0.jpg\" \/>\n\t<meta property=\"og:image:width\" content=\"1000\" \/>\n\t<meta property=\"og:image:height\" content=\"1000\" \/>\n\t<meta property=\"og:image:type\" content=\"image\/jpeg\" \/>\n<meta name=\"twitter:card\" content=\"summary_large_image\" \/>\n<meta name=\"twitter:label1\" content=\"Dur\u00e9e de lecture estim\u00e9e\" \/>\n\t<meta name=\"twitter:data1\" content=\"1 minute\" \/>\n<script type=\"application\/ld+json\" class=\"yoast-schema-graph\">{\"@context\":\"https:\/\/schema.org\",\"@graph\":[{\"@type\":\"WebPage\",\"@id\":\"http:\/\/jonathancadoux.fr\/?product=asukile-enfant-guerrier-de-la-pluie\",\"url\":\"http:\/\/jonathancadoux.fr\/?product=asukile-enfant-guerrier-de-la-pluie\",\"name\":\"Asukile, Enfant Guerrier de la Pluie - Jonathan Cadoux - Auteur Compositeur Interpr\u00e8te\",\"isPartOf\":{\"@id\":\"https:\/\/jonathancadoux.fr\/#website\"},\"primaryImageOfPage\":{\"@id\":\"http:\/\/jonathancadoux.fr\/?product=asukile-enfant-guerrier-de-la-pluie#primaryimage\"},\"image\":{\"@id\":\"http:\/\/jonathancadoux.fr\/?product=asukile-enfant-guerrier-de-la-pluie#primaryimage\"},\"thumbnailUrl\":\"https:\/\/jonathancadoux.fr\/wp-content\/uploads\/2023\/02\/crop.img_5961c5be73d289d974e02e021b9f4bc0.jpg\",\"datePublished\":\"2023-02-05T18:41:31+00:00\",\"dateModified\":\"2023-02-05T18:44:56+00:00\",\"breadcrumb\":{\"@id\":\"http:\/\/jonathancadoux.fr\/?product=asukile-enfant-guerrier-de-la-pluie#breadcrumb\"},\"inLanguage\":\"fr-FR\",\"potentialAction\":[{\"@type\":\"ReadAction\",\"target\":[\"http:\/\/jonathancadoux.fr\/?product=asukile-enfant-guerrier-de-la-pluie\"]}]},{\"@type\":\"ImageObject\",\"inLanguage\":\"fr-FR\",\"@id\":\"http:\/\/jonathancadoux.fr\/?product=asukile-enfant-guerrier-de-la-pluie#primaryimage\",\"url\":\"https:\/\/jonathancadoux.fr\/wp-content\/uploads\/2023\/02\/crop.img_5961c5be73d289d974e02e021b9f4bc0.jpg\",\"contentUrl\":\"https:\/\/jonathancadoux.fr\/wp-content\/uploads\/2023\/02\/crop.img_5961c5be73d289d974e02e021b9f4bc0.jpg\",\"width\":1000,\"height\":1000,\"caption\":\"\\\"Asukile...\\\" 2017\"},{\"@type\":\"BreadcrumbList\",\"@id\":\"http:\/\/jonathancadoux.fr\/?product=asukile-enfant-guerrier-de-la-pluie#breadcrumb\",\"itemListElement\":[{\"@type\":\"ListItem\",\"position\":1,\"name\":\"Accueil\",\"item\":\"https:\/\/jonathancadoux.fr\/\"},{\"@type\":\"ListItem\",\"position\":2,\"name\":\"Shop\",\"item\":\"http:\/\/jonathancadoux.fr\/?page_id=1141\"},{\"@type\":\"ListItem\",\"position\":3,\"name\":\"Asukile, Enfant Guerrier de la Pluie\"}]},{\"@type\":\"WebSite\",\"@id\":\"https:\/\/jonathancadoux.fr\/#website\",\"url\":\"https:\/\/jonathancadoux.fr\/\",\"name\":\"Jonathan Cadoux - Auteur Compositeur Interpr\u00e8te\",\"description\":\"\",\"publisher\":{\"@id\":\"https:\/\/jonathancadoux.fr\/#\/schema\/person\/26c1dde99ed7a890927f6c1677c0e7cb\"},\"potentialAction\":[{\"@type\":\"SearchAction\",\"target\":{\"@type\":\"EntryPoint\",\"urlTemplate\":\"https:\/\/jonathancadoux.fr\/?s={search_term_string}\"},\"query-input\":{\"@type\":\"PropertyValueSpecification\",\"valueRequired\":true,\"valueName\":\"search_term_string\"}}],\"inLanguage\":\"fr-FR\"},{\"@type\":[\"Person\",\"Organization\"],\"@id\":\"https:\/\/jonathancadoux.fr\/#\/schema\/person\/26c1dde99ed7a890927f6c1677c0e7cb\",\"name\":\"Jonathan Cadoux\",\"image\":{\"@type\":\"ImageObject\",\"inLanguage\":\"fr-FR\",\"@id\":\"https:\/\/jonathancadoux.fr\/#\/schema\/person\/image\/\",\"url\":\"https:\/\/jonathancadoux.fr\/wp-content\/uploads\/2023\/01\/cropped-Capture-decran-2023-01-26-a-22.32.57.png\",\"contentUrl\":\"https:\/\/jonathancadoux.fr\/wp-content\/uploads\/2023\/01\/cropped-Capture-decran-2023-01-26-a-22.32.57.png\",\"width\":516,\"height\":172,\"caption\":\"Jonathan Cadoux\"},\"logo\":{\"@id\":\"https:\/\/jonathancadoux.fr\/#\/schema\/person\/image\/\"}}]}<\/script>\n<!-- \/ Yoast SEO plugin. -->","yoast_head_json":{"title":"Asukile, Enfant Guerrier de la Pluie - Jonathan Cadoux - Auteur Compositeur Interpr\u00e8te","robots":{"index":"index","follow":"follow","max-snippet":"max-snippet:-1","max-image-preview":"max-image-preview:large","max-video-preview":"max-video-preview:-1"},"canonical":"http:\/\/jonathancadoux.fr\/?product=asukile-enfant-guerrier-de-la-pluie","og_locale":"fr_FR","og_type":"article","og_title":"Asukile, Enfant Guerrier de la Pluie - Jonathan Cadoux - Auteur Compositeur Interpr\u00e8te","og_description":"Il est dix heures du matin lorsque, sur le palier de la Chapelle de la M\u00e9daille Miraculeuse \u00e0 Paris, le p\u00e8re Xavier s'appr\u00eate \u00e0 faire une rencontre inattendue : un individu hors du commun semblait endormi sur le trottoir, un homme \u00e0 la peau\u00a0\u00e9b\u00e8ne, v\u00eatu d'une longue \u00e9toffe rouge.","og_url":"http:\/\/jonathancadoux.fr\/?product=asukile-enfant-guerrier-de-la-pluie","og_site_name":"Jonathan Cadoux - Auteur Compositeur Interpr\u00e8te","article_modified_time":"2023-02-05T18:44:56+00:00","og_image":[{"width":1000,"height":1000,"url":"http:\/\/jonathancadoux.fr\/wp-content\/uploads\/2023\/02\/crop.img_5961c5be73d289d974e02e021b9f4bc0.jpg","type":"image\/jpeg"}],"twitter_card":"summary_large_image","twitter_misc":{"Dur\u00e9e de lecture estim\u00e9e":"1 minute"},"schema":{"@context":"https:\/\/schema.org","@graph":[{"@type":"WebPage","@id":"http:\/\/jonathancadoux.fr\/?product=asukile-enfant-guerrier-de-la-pluie","url":"http:\/\/jonathancadoux.fr\/?product=asukile-enfant-guerrier-de-la-pluie","name":"Asukile, Enfant Guerrier de la Pluie - Jonathan Cadoux - Auteur Compositeur Interpr\u00e8te","isPartOf":{"@id":"https:\/\/jonathancadoux.fr\/#website"},"primaryImageOfPage":{"@id":"http:\/\/jonathancadoux.fr\/?product=asukile-enfant-guerrier-de-la-pluie#primaryimage"},"image":{"@id":"http:\/\/jonathancadoux.fr\/?product=asukile-enfant-guerrier-de-la-pluie#primaryimage"},"thumbnailUrl":"https:\/\/jonathancadoux.fr\/wp-content\/uploads\/2023\/02\/crop.img_5961c5be73d289d974e02e021b9f4bc0.jpg","datePublished":"2023-02-05T18:41:31+00:00","dateModified":"2023-02-05T18:44:56+00:00","breadcrumb":{"@id":"http:\/\/jonathancadoux.fr\/?product=asukile-enfant-guerrier-de-la-pluie#breadcrumb"},"inLanguage":"fr-FR","potentialAction":[{"@type":"ReadAction","target":["http:\/\/jonathancadoux.fr\/?product=asukile-enfant-guerrier-de-la-pluie"]}]},{"@type":"ImageObject","inLanguage":"fr-FR","@id":"http:\/\/jonathancadoux.fr\/?product=asukile-enfant-guerrier-de-la-pluie#primaryimage","url":"https:\/\/jonathancadoux.fr\/wp-content\/uploads\/2023\/02\/crop.img_5961c5be73d289d974e02e021b9f4bc0.jpg","contentUrl":"https:\/\/jonathancadoux.fr\/wp-content\/uploads\/2023\/02\/crop.img_5961c5be73d289d974e02e021b9f4bc0.jpg","width":1000,"height":1000,"caption":"\"Asukile...\" 2017"},{"@type":"BreadcrumbList","@id":"http:\/\/jonathancadoux.fr\/?product=asukile-enfant-guerrier-de-la-pluie#breadcrumb","itemListElement":[{"@type":"ListItem","position":1,"name":"Accueil","item":"https:\/\/jonathancadoux.fr\/"},{"@type":"ListItem","position":2,"name":"Shop","item":"http:\/\/jonathancadoux.fr\/?page_id=1141"},{"@type":"ListItem","position":3,"name":"Asukile, Enfant Guerrier de la Pluie"}]},{"@type":"WebSite","@id":"https:\/\/jonathancadoux.fr\/#website","url":"https:\/\/jonathancadoux.fr\/","name":"Jonathan Cadoux - Auteur Compositeur Interpr\u00e8te","description":"","publisher":{"@id":"https:\/\/jonathancadoux.fr\/#\/schema\/person\/26c1dde99ed7a890927f6c1677c0e7cb"},"potentialAction":[{"@type":"SearchAction","target":{"@type":"EntryPoint","urlTemplate":"https:\/\/jonathancadoux.fr\/?s={search_term_string}"},"query-input":{"@type":"PropertyValueSpecification","valueRequired":true,"valueName":"search_term_string"}}],"inLanguage":"fr-FR"},{"@type":["Person","Organization"],"@id":"https:\/\/jonathancadoux.fr\/#\/schema\/person\/26c1dde99ed7a890927f6c1677c0e7cb","name":"Jonathan Cadoux","image":{"@type":"ImageObject","inLanguage":"fr-FR","@id":"https:\/\/jonathancadoux.fr\/#\/schema\/person\/image\/","url":"https:\/\/jonathancadoux.fr\/wp-content\/uploads\/2023\/01\/cropped-Capture-decran-2023-01-26-a-22.32.57.png","contentUrl":"https:\/\/jonathancadoux.fr\/wp-content\/uploads\/2023\/01\/cropped-Capture-decran-2023-01-26-a-22.32.57.png","width":516,"height":172,"caption":"Jonathan Cadoux"},"logo":{"@id":"https:\/\/jonathancadoux.fr\/#\/schema\/person\/image\/"}}]}},"jetpack_sharing_enabled":true,"_links":{"self":[{"href":"https:\/\/jonathancadoux.fr\/index.php?rest_route=\/wp\/v2\/product\/1292","targetHints":{"allow":["GET"]}}],"collection":[{"href":"https:\/\/jonathancadoux.fr\/index.php?rest_route=\/wp\/v2\/product"}],"about":[{"href":"https:\/\/jonathancadoux.fr\/index.php?rest_route=\/wp\/v2\/types\/product"}],"wp:featuredmedia":[{"embeddable":true,"href":"https:\/\/jonathancadoux.fr\/index.php?rest_route=\/wp\/v2\/media\/1293"}],"wp:attachment":[{"href":"https:\/\/jonathancadoux.fr\/index.php?rest_route=%2Fwp%2Fv2%2Fmedia&parent=1292"}],"wp:term":[{"taxonomy":"product_brand","embeddable":true,"href":"https:\/\/jonathancadoux.fr\/index.php?rest_route=%2Fwp%2Fv2%2Fproduct_brand&post=1292"},{"taxonomy":"product_cat","embeddable":true,"href":"https:\/\/jonathancadoux.fr\/index.php?rest_route=%2Fwp%2Fv2%2Fproduct_cat&post=1292"},{"taxonomy":"product_tag","embeddable":true,"href":"https:\/\/jonathancadoux.fr\/index.php?rest_route=%2Fwp%2Fv2%2Fproduct_tag&post=1292"}],"curies":[{"name":"wp","href":"https:\/\/api.w.org\/{rel}","templated":true}]}}