{"id":1360,"date":"2023-06-20T15:55:15","date_gmt":"2023-06-20T13:55:15","guid":{"rendered":"https:\/\/jonathancadoux.fr\/?page_id=1360"},"modified":"2023-06-20T16:11:40","modified_gmt":"2023-06-20T14:11:40","slug":"mentions-legales","status":"publish","type":"page","link":"https:\/\/jonathancadoux.fr\/?page_id=1360","title":{"rendered":"Mentions L\u00e9gales"},"content":{"rendered":"<p>Pour toute demande concernant un produit ou service, pour toutes suggestions, informations, r\u00e9actions, r\u00e9clamations concernant ce site, contactez-nous.<\/p><p>L\u2019ensemble des onglets commerciaux pr\u00e9sents sur www.jonathancadoux.fr sont \u00e9dit\u00e9s par Jonathan Cadoux sous le num\u00e9ro de SIREN 908 758 113 \u2013 Si\u00e8ge social : 1953 RTE DE FORAZ 74150 THUSY.<\/p><p>H\u00e9bergeur : OVH \u2013 Si\u00e8ge social : 2 rue Kellermann, 59100 Roubaix, France \u2013 RCS Lille M\u00e9tropole 424 761 419 00045<\/p><p><\/p>","protected":false},"excerpt":{"rendered":"<p>Pour toute demande concernant un produit ou service, pour toutes suggestions, informations, r\u00e9actions, r\u00e9clamations concernant ce site, contactez-nous. L\u2019ensemble des onglets commerciaux pr\u00e9sents sur www.jonathancadoux.fr sont \u00e9dit\u00e9s par Jonathan Cadoux sous le num\u00e9ro de SIREN 908 758 113 \u2013 Si\u00e8ge social : 1953 RTE DE FORAZ 74150 THUSY. H\u00e9bergeur : OVH \u2013 Si\u00e8ge social : &hellip;<\/p>\n<p class=\"read-more\"> <a class=\"\" href=\"https:\/\/jonathancadoux.fr\/?page_id=1360\"> <span class=\"screen-reader-text\">Mentions L\u00e9gales<\/span> Lire la suite\u00a0\u00bb<\/a><\/p>\n","protected":false},"author":1,"featured_media":0,"parent":0,"menu_order":0,"comment_status":"closed","ping_status":"closed","template":"","meta":{"site-sidebar-layout":"default","site-content-layout":"default","ast-global-header-display":"","ast-banner-title-visibility":"","ast-main-header-display":"","ast-hfb-above-header-display":"","ast-hfb-below-header-display":"","ast-hfb-mobile-header-display":"","site-post-title":"","ast-breadcrumbs-content":"","ast-featured-img":"","footer-sml-layout":"","theme-transparent-header-meta":"","adv-header-id-meta":"","stick-header-meta":"","header-above-stick-meta":"","header-main-stick-meta":"","header-below-stick-meta":"","footnotes":""},"class_list":["post-1360","page","type-page","status-publish","hentry"],"yoast_head":"<!-- This site is optimized with the Yoast SEO plugin v24.5 - https:\/\/yoast.com\/wordpress\/plugins\/seo\/ -->\n<title>Mentions L\u00e9gales - Jonathan Cadoux - Auteur Compositeur Interpr\u00e8te<\/title>\n<meta name=\"robots\" content=\"index, follow, max-snippet:-1, max-image-preview:large, max-video-preview:-1\" \/>\n<link rel=\"canonical\" href=\"https:\/\/jonathancadoux.fr\/?page_id=1360\" \/>\n<meta property=\"og:locale\" content=\"fr_FR\" \/>\n<meta property=\"og:type\" content=\"article\" \/>\n<meta property=\"og:title\" content=\"Mentions L\u00e9gales - Jonathan Cadoux - Auteur Compositeur Interpr\u00e8te\" \/>\n<meta property=\"og:description\" content=\"Pour toute demande concernant un produit ou service, pour toutes suggestions, informations, r\u00e9actions, r\u00e9clamations concernant ce site, contactez-nous. L\u2019ensemble des onglets commerciaux pr\u00e9sents sur www.jonathancadoux.fr sont \u00e9dit\u00e9s par Jonathan Cadoux sous le num\u00e9ro de SIREN 908 758 113 \u2013 Si\u00e8ge social : 1953 RTE DE FORAZ 74150 THUSY. H\u00e9bergeur : OVH \u2013 Si\u00e8ge social : &hellip; Mentions L\u00e9gales Lire la suite\u00a0\u00bb\" \/>\n<meta property=\"og:url\" content=\"https:\/\/jonathancadoux.fr\/?page_id=1360\" \/>\n<meta property=\"og:site_name\" content=\"Jonathan Cadoux - Auteur Compositeur Interpr\u00e8te\" \/>\n<meta property=\"article:modified_time\" content=\"2023-06-20T14:11:40+00:00\" \/>\n<meta name=\"twitter:card\" content=\"summary_large_image\" \/>\n<script type=\"application\/ld+json\" class=\"yoast-schema-graph\">{\"@context\":\"https:\/\/schema.org\",\"@graph\":[{\"@type\":\"WebPage\",\"@id\":\"https:\/\/jonathancadoux.fr\/?page_id=1360\",\"url\":\"https:\/\/jonathancadoux.fr\/?page_id=1360\",\"name\":\"Mentions L\u00e9gales - Jonathan Cadoux - Auteur Compositeur Interpr\u00e8te\",\"isPartOf\":{\"@id\":\"https:\/\/jonathancadoux.fr\/#website\"},\"datePublished\":\"2023-06-20T13:55:15+00:00\",\"dateModified\":\"2023-06-20T14:11:40+00:00\",\"breadcrumb\":{\"@id\":\"https:\/\/jonathancadoux.fr\/?page_id=1360#breadcrumb\"},\"inLanguage\":\"fr-FR\",\"potentialAction\":[{\"@type\":\"ReadAction\",\"target\":[\"https:\/\/jonathancadoux.fr\/?page_id=1360\"]}]},{\"@type\":\"BreadcrumbList\",\"@id\":\"https:\/\/jonathancadoux.fr\/?page_id=1360#breadcrumb\",\"itemListElement\":[{\"@type\":\"ListItem\",\"position\":1,\"name\":\"Accueil\",\"item\":\"https:\/\/jonathancadoux.fr\/\"},{\"@type\":\"ListItem\",\"position\":2,\"name\":\"Mentions L\u00e9gales\"}]},{\"@type\":\"WebSite\",\"@id\":\"https:\/\/jonathancadoux.fr\/#website\",\"url\":\"https:\/\/jonathancadoux.fr\/\",\"name\":\"Jonathan Cadoux - Auteur Compositeur Interpr\u00e8te\",\"description\":\"\",\"publisher\":{\"@id\":\"https:\/\/jonathancadoux.fr\/#\/schema\/person\/26c1dde99ed7a890927f6c1677c0e7cb\"},\"potentialAction\":[{\"@type\":\"SearchAction\",\"target\":{\"@type\":\"EntryPoint\",\"urlTemplate\":\"https:\/\/jonathancadoux.fr\/?s={search_term_string}\"},\"query-input\":{\"@type\":\"PropertyValueSpecification\",\"valueRequired\":true,\"valueName\":\"search_term_string\"}}],\"inLanguage\":\"fr-FR\"},{\"@type\":[\"Person\",\"Organization\"],\"@id\":\"https:\/\/jonathancadoux.fr\/#\/schema\/person\/26c1dde99ed7a890927f6c1677c0e7cb\",\"name\":\"Jonathan Cadoux\",\"image\":{\"@type\":\"ImageObject\",\"inLanguage\":\"fr-FR\",\"@id\":\"https:\/\/jonathancadoux.fr\/#\/schema\/person\/image\/\",\"url\":\"https:\/\/jonathancadoux.fr\/wp-content\/uploads\/2023\/01\/cropped-Capture-decran-2023-01-26-a-22.32.57.png\",\"contentUrl\":\"https:\/\/jonathancadoux.fr\/wp-content\/uploads\/2023\/01\/cropped-Capture-decran-2023-01-26-a-22.32.57.png\",\"width\":516,\"height\":172,\"caption\":\"Jonathan Cadoux\"},\"logo\":{\"@id\":\"https:\/\/jonathancadoux.fr\/#\/schema\/person\/image\/\"}}]}<\/script>\n<!-- \/ Yoast SEO plugin. -->","yoast_head_json":{"title":"Mentions L\u00e9gales - Jonathan Cadoux - Auteur Compositeur Interpr\u00e8te","robots":{"index":"index","follow":"follow","max-snippet":"max-snippet:-1","max-image-preview":"max-image-preview:large","max-video-preview":"max-video-preview:-1"},"canonical":"https:\/\/jonathancadoux.fr\/?page_id=1360","og_locale":"fr_FR","og_type":"article","og_title":"Mentions L\u00e9gales - Jonathan Cadoux - Auteur Compositeur Interpr\u00e8te","og_description":"Pour toute demande concernant un produit ou service, pour toutes suggestions, informations, r\u00e9actions, r\u00e9clamations concernant ce site, contactez-nous. L\u2019ensemble des onglets commerciaux pr\u00e9sents sur www.jonathancadoux.fr sont \u00e9dit\u00e9s par Jonathan Cadoux sous le num\u00e9ro de SIREN 908 758 113 \u2013 Si\u00e8ge social : 1953 RTE DE FORAZ 74150 THUSY. H\u00e9bergeur : OVH \u2013 Si\u00e8ge social : &hellip; Mentions L\u00e9gales Lire la suite\u00a0\u00bb","og_url":"https:\/\/jonathancadoux.fr\/?page_id=1360","og_site_name":"Jonathan Cadoux - Auteur Compositeur Interpr\u00e8te","article_modified_time":"2023-06-20T14:11:40+00:00","twitter_card":"summary_large_image","schema":{"@context":"https:\/\/schema.org","@graph":[{"@type":"WebPage","@id":"https:\/\/jonathancadoux.fr\/?page_id=1360","url":"https:\/\/jonathancadoux.fr\/?page_id=1360","name":"Mentions L\u00e9gales - Jonathan Cadoux - Auteur Compositeur Interpr\u00e8te","isPartOf":{"@id":"https:\/\/jonathancadoux.fr\/#website"},"datePublished":"2023-06-20T13:55:15+00:00","dateModified":"2023-06-20T14:11:40+00:00","breadcrumb":{"@id":"https:\/\/jonathancadoux.fr\/?page_id=1360#breadcrumb"},"inLanguage":"fr-FR","potentialAction":[{"@type":"ReadAction","target":["https:\/\/jonathancadoux.fr\/?page_id=1360"]}]},{"@type":"BreadcrumbList","@id":"https:\/\/jonathancadoux.fr\/?page_id=1360#breadcrumb","itemListElement":[{"@type":"ListItem","position":1,"name":"Accueil","item":"https:\/\/jonathancadoux.fr\/"},{"@type":"ListItem","position":2,"name":"Mentions L\u00e9gales"}]},{"@type":"WebSite","@id":"https:\/\/jonathancadoux.fr\/#website","url":"https:\/\/jonathancadoux.fr\/","name":"Jonathan Cadoux - Auteur Compositeur Interpr\u00e8te","description":"","publisher":{"@id":"https:\/\/jonathancadoux.fr\/#\/schema\/person\/26c1dde99ed7a890927f6c1677c0e7cb"},"potentialAction":[{"@type":"SearchAction","target":{"@type":"EntryPoint","urlTemplate":"https:\/\/jonathancadoux.fr\/?s={search_term_string}"},"query-input":{"@type":"PropertyValueSpecification","valueRequired":true,"valueName":"search_term_string"}}],"inLanguage":"fr-FR"},{"@type":["Person","Organization"],"@id":"https:\/\/jonathancadoux.fr\/#\/schema\/person\/26c1dde99ed7a890927f6c1677c0e7cb","name":"Jonathan Cadoux","image":{"@type":"ImageObject","inLanguage":"fr-FR","@id":"https:\/\/jonathancadoux.fr\/#\/schema\/person\/image\/","url":"https:\/\/jonathancadoux.fr\/wp-content\/uploads\/2023\/01\/cropped-Capture-decran-2023-01-26-a-22.32.57.png","contentUrl":"https:\/\/jonathancadoux.fr\/wp-content\/uploads\/2023\/01\/cropped-Capture-decran-2023-01-26-a-22.32.57.png","width":516,"height":172,"caption":"Jonathan Cadoux"},"logo":{"@id":"https:\/\/jonathancadoux.fr\/#\/schema\/person\/image\/"}}]}},"jetpack_sharing_enabled":true,"_links":{"self":[{"href":"https:\/\/jonathancadoux.fr\/index.php?rest_route=\/wp\/v2\/pages\/1360","targetHints":{"allow":["GET"]}}],"collection":[{"href":"https:\/\/jonathancadoux.fr\/index.php?rest_route=\/wp\/v2\/pages"}],"about":[{"href":"https:\/\/jonathancadoux.fr\/index.php?rest_route=\/wp\/v2\/types\/page"}],"author":[{"embeddable":true,"href":"https:\/\/jonathancadoux.fr\/index.php?rest_route=\/wp\/v2\/users\/1"}],"replies":[{"embeddable":true,"href":"https:\/\/jonathancadoux.fr\/index.php?rest_route=%2Fwp%2Fv2%2Fcomments&post=1360"}],"version-history":[{"count":3,"href":"https:\/\/jonathancadoux.fr\/index.php?rest_route=\/wp\/v2\/pages\/1360\/revisions"}],"predecessor-version":[{"id":1370,"href":"https:\/\/jonathancadoux.fr\/index.php?rest_route=\/wp\/v2\/pages\/1360\/revisions\/1370"}],"wp:attachment":[{"href":"https:\/\/jonathancadoux.fr\/index.php?rest_route=%2Fwp%2Fv2%2Fmedia&parent=1360"}],"curies":[{"name":"wp","href":"https:\/\/api.w.org\/{rel}","templated":true}]}}